{"id":1243,"date":"2020-11-20T02:15:16","date_gmt":"2020-11-20T02:15:16","guid":{"rendered":"https:\/\/galope.paginasweboaxaca.com\/?page_id=1243"},"modified":"2021-11-05T15:30:33","modified_gmt":"2021-11-05T15:30:33","slug":"quienes-somos","status":"publish","type":"page","link":"https:\/\/corporativogalope.com\/es_es\/quienes-somos\/","title":{"rendered":"Qui\u00e9nes somos"},"content":{"rendered":"\t\t<div data-elementor-type=\"wp-page\" data-elementor-id=\"1243\" class=\"elementor elementor-1243\" data-elementor-post-type=\"page\">\n\t\t\t\t\t\t<section class=\"elementor-section elementor-top-section elementor-element elementor-element-246e34d8 elementor-section-height-min-height elementor-section-content-middle elementor-section-boxed elementor-section-height-default elementor-section-items-middle\" data-id=\"246e34d8\" data-element_type=\"section\" data-e-type=\"section\" data-settings=\"{&quot;background_background&quot;:&quot;classic&quot;}\">\n\t\t\t\t\t\t\t<div class=\"elementor-background-overlay\"><\/div>\n\t\t\t\t\t\t\t<div class=\"elementor-container elementor-column-gap-default\">\n\t\t\t\t\t<div class=\"elementor-column elementor-col-33 elementor-top-column elementor-element elementor-element-5b801cf1\" data-id=\"5b801cf1\" data-element_type=\"column\" data-e-type=\"column\">\n\t\t\t<div class=\"elementor-widget-wrap\">\n\t\t\t\t\t\t\t<\/div>\n\t\t<\/div>\n\t\t\t\t<div class=\"elementor-column elementor-col-33 elementor-top-column elementor-element elementor-element-47930e59\" data-id=\"47930e59\" data-element_type=\"column\" data-e-type=\"column\">\n\t\t\t<div class=\"elementor-widget-wrap elementor-element-populated\">\n\t\t\t\t\t\t<div class=\"elementor-element elementor-element-435b7a66 elementor-widget elementor-widget-heading\" data-id=\"435b7a66\" data-element_type=\"widget\" data-e-type=\"widget\" data-widget_type=\"heading.default\">\n\t\t\t\t<div class=\"elementor-widget-container\">\n\t\t\t\t\t<h1 class=\"elementor-heading-title elementor-size-default\">QUI\u00c9NES SOMOS<\/h1>\t\t\t\t<\/div>\n\t\t\t\t<\/div>\n\t\t\t\t\t<\/div>\n\t\t<\/div>\n\t\t\t\t<div class=\"elementor-column elementor-col-33 elementor-top-column elementor-element elementor-element-3f25d916\" data-id=\"3f25d916\" data-element_type=\"column\" data-e-type=\"column\">\n\t\t\t<div class=\"elementor-widget-wrap\">\n\t\t\t\t\t\t\t<\/div>\n\t\t<\/div>\n\t\t\t\t\t<\/div>\n\t\t<\/section>\n\t\t\t\t<section class=\"elementor-section elementor-top-section elementor-element elementor-element-c8f4739 elementor-section-boxed elementor-section-height-default elementor-section-height-default\" data-id=\"c8f4739\" data-element_type=\"section\" data-e-type=\"section\" data-settings=\"{&quot;background_background&quot;:&quot;classic&quot;}\">\n\t\t\t\t\t\t<div class=\"elementor-container elementor-column-gap-default\">\n\t\t\t\t\t<div class=\"elementor-column elementor-col-100 elementor-top-column elementor-element elementor-element-c47ae62\" data-id=\"c47ae62\" data-element_type=\"column\" data-e-type=\"column\">\n\t\t\t<div class=\"elementor-widget-wrap elementor-element-populated\">\n\t\t\t\t\t\t<div class=\"elementor-section elementor-inner-section elementor-element elementor-element-b4324b7 elementor-section-boxed elementor-section-height-default elementor-section-height-default\" data-id=\"b4324b7\" data-element_type=\"section\" data-e-type=\"section\">\n\t\t\t\t\t\t<div class=\"elementor-container elementor-column-gap-default\">\n\t\t\t\t\t<div class=\"elementor-column elementor-col-50 elementor-inner-column elementor-element elementor-element-76a4202\" data-id=\"76a4202\" data-element_type=\"column\" data-e-type=\"column\">\n\t\t\t<div class=\"elementor-widget-wrap elementor-element-populated\">\n\t\t\t\t\t\t<div class=\"elementor-element elementor-element-70f94fc9 elementor-widget elementor-widget-heading\" data-id=\"70f94fc9\" data-element_type=\"widget\" data-e-type=\"widget\" data-widget_type=\"heading.default\">\n\t\t\t\t<div class=\"elementor-widget-container\">\n\t\t\t\t\t<div class=\"elementor-heading-title elementor-size-default\">NUESTRO PROP\u00d3SITO<\/div>\t\t\t\t<\/div>\n\t\t\t\t<\/div>\n\t\t\t\t<div class=\"elementor-element elementor-element-2a794365 elementor-widget elementor-widget-heading\" data-id=\"2a794365\" data-element_type=\"widget\" data-e-type=\"widget\" data-widget_type=\"heading.default\">\n\t\t\t\t<div class=\"elementor-widget-container\">\n\t\t\t\t\t<h3 class=\"elementor-heading-title elementor-size-default\">Brindarle seguridad jur\u00eddica y patrimonial para su tranquilidad<\/h3>\t\t\t\t<\/div>\n\t\t\t\t<\/div>\n\t\t\t\t<div class=\"elementor-element elementor-element-f677130 elementor-widget elementor-widget-heading\" data-id=\"f677130\" data-element_type=\"widget\" data-e-type=\"widget\" data-widget_type=\"heading.default\">\n\t\t\t\t<div class=\"elementor-widget-container\">\n\t\t\t\t\t<div class=\"elementor-heading-title elementor-size-default\">NUESTROS VALORES<\/div>\t\t\t\t<\/div>\n\t\t\t\t<\/div>\n\t\t\t\t<div class=\"elementor-element elementor-element-fd93f64 elementor-widget elementor-widget-heading\" data-id=\"fd93f64\" data-element_type=\"widget\" data-e-type=\"widget\" data-widget_type=\"heading.default\">\n\t\t\t\t<div class=\"elementor-widget-container\">\n\t\t\t\t\t<div class=\"elementor-heading-title elementor-size-default\">Servicio, respeto, honestidad, sinceridad, seguridad, legalidad, profesionalismo.<\/div>\t\t\t\t<\/div>\n\t\t\t\t<\/div>\n\t\t\t\t\t<\/div>\n\t\t<\/div>\n\t\t\t\t<div class=\"elementor-column elementor-col-50 elementor-inner-column elementor-element elementor-element-2f3a93f7\" data-id=\"2f3a93f7\" data-element_type=\"column\" data-e-type=\"column\">\n\t\t\t<div class=\"elementor-widget-wrap elementor-element-populated\">\n\t\t\t\t\t\t<div class=\"elementor-element elementor-element-7aada105 elementor-widget elementor-widget-heading\" data-id=\"7aada105\" data-element_type=\"widget\" data-e-type=\"widget\" data-widget_type=\"heading.default\">\n\t\t\t\t<div class=\"elementor-widget-container\">\n\t\t\t\t\t<div class=\"elementor-heading-title elementor-size-default\">MISI\u00d3N<\/div>\t\t\t\t<\/div>\n\t\t\t\t<\/div>\n\t\t\t\t<div class=\"elementor-element elementor-element-288123f4 elementor-widget elementor-widget-text-editor\" data-id=\"288123f4\" data-element_type=\"widget\" data-e-type=\"widget\" data-widget_type=\"text-editor.default\">\n\t\t\t\t<div class=\"elementor-widget-container\">\n\t\t\t\t\t\t\t\t\t<p>Trabajamos para brindarle la seguridad jur\u00eddica y patrimonial que necesita a trav\u00e9s de esquemas transparentes, fundados y motivados en una cultura jur\u00eddica que se renueva constantemente.<\/p>\t\t\t\t\t\t\t\t<\/div>\n\t\t\t\t<\/div>\n\t\t\t\t<div class=\"elementor-element elementor-element-4ad108c elementor-widget elementor-widget-heading\" data-id=\"4ad108c\" data-element_type=\"widget\" data-e-type=\"widget\" data-widget_type=\"heading.default\">\n\t\t\t\t<div class=\"elementor-widget-container\">\n\t\t\t\t\t<div class=\"elementor-heading-title elementor-size-default\">VISI\u00d3N<\/div>\t\t\t\t<\/div>\n\t\t\t\t<\/div>\n\t\t\t\t<div class=\"elementor-element elementor-element-093d255 elementor-widget elementor-widget-text-editor\" data-id=\"093d255\" data-element_type=\"widget\" data-e-type=\"widget\" data-widget_type=\"text-editor.default\">\n\t\t\t\t<div class=\"elementor-widget-container\">\n\t\t\t\t\t\t\t\t\t<p>No proporcionamos esquemas universales, nosotros creamos con dedicaci\u00f3n y pasi\u00f3n t\u00e1cticas dise\u00f1adas a la medida de sus necesidades, ese es nuestro secreto m\u00e1s valioso.<\/p>\t\t\t\t\t\t\t\t<\/div>\n\t\t\t\t<\/div>\n\t\t\t\t\t<\/div>\n\t\t<\/div>\n\t\t\t\t\t<\/div>\n\t\t<\/div>\n\t\t\t\t<div class=\"elementor-section elementor-inner-section elementor-element elementor-element-4f4a7b23 elementor-section-content-middle elementor-section-boxed elementor-section-height-default elementor-section-height-default\" data-id=\"4f4a7b23\" data-element_type=\"section\" data-e-type=\"section\">\n\t\t\t\t\t\t<div class=\"elementor-container elementor-column-gap-default\">\n\t\t\t\t\t<div class=\"elementor-column elementor-col-100 elementor-inner-column elementor-element elementor-element-250149c1\" data-id=\"250149c1\" data-element_type=\"column\" data-e-type=\"column\">\n\t\t\t<div class=\"elementor-widget-wrap elementor-element-populated\">\n\t\t\t\t\t\t<div class=\"elementor-element elementor-element-1a574202 elementor-view-framed elementor-widget__width-auto elementor-shape-circle elementor-widget elementor-widget-icon\" data-id=\"1a574202\" data-element_type=\"widget\" data-e-type=\"widget\" data-widget_type=\"icon.default\">\n\t\t\t\t<div class=\"elementor-widget-container\">\n\t\t\t\t\t\t\t<div class=\"elementor-icon-wrapper\">\n\t\t\t<a class=\"elementor-icon\" href=\"#\">\n\t\t\t<i aria-hidden=\"true\" class=\"fas fa-arrow-right\"><\/i>\t\t\t<\/a>\n\t\t<\/div>\n\t\t\t\t\t\t<\/div>\n\t\t\t\t<\/div>\n\t\t\t\t<div class=\"elementor-element elementor-element-67eab039 elementor-widget__width-auto elementor-widget elementor-widget-heading\" data-id=\"67eab039\" data-element_type=\"widget\" data-e-type=\"widget\" data-widget_type=\"heading.default\">\n\t\t\t\t<div class=\"elementor-widget-container\">\n\t\t\t\t\t<h2 class=\"elementor-heading-title elementor-size-default\"><a href=\"https:\/\/corporativogalope.com\/servicios\/\">VER SERVICIOS<\/a><\/h2>\t\t\t\t<\/div>\n\t\t\t\t<\/div>\n\t\t\t\t\t<\/div>\n\t\t<\/div>\n\t\t\t\t\t<\/div>\n\t\t<\/div>\n\t\t\t\t\t<\/div>\n\t\t<\/div>\n\t\t\t\t\t<\/div>\n\t\t<\/section>\n\t\t\t\t<\/div>\n\t\t","protected":false},"excerpt":{"rendered":"<p>QUI\u00c9NES SOMOS NUESTRO PROP\u00d3SITO Brindarle seguridad jur\u00eddica y patrimonial para su tranquilidad NUESTROS VALORES Servicio, respeto, honestidad, sinceridad, seguridad, legalidad, profesionalismo. MISI\u00d3N Trabajamos para brindarle la seguridad jur\u00eddica y patrimonial que necesita a trav\u00e9s de esquemas transparentes, fundados y motivados en una cultura jur\u00eddica que se renueva constantemente. VISI\u00d3N No proporcionamos esquemas universales, nosotros creamos [&hellip;]<\/p>\n","protected":false},"author":2,"featured_media":0,"parent":0,"menu_order":0,"comment_status":"closed","ping_status":"closed","template":"elementor_header_footer","meta":{"site-sidebar-layout":"no-sidebar","site-content-layout":"page-builder","ast-site-content-layout":"default","site-content-style":"default","site-sidebar-style":"default","ast-global-header-display":"","ast-banner-title-visibility":"","ast-main-header-display":"","ast-hfb-above-header-display":"","ast-hfb-below-header-display":"","ast-hfb-mobile-header-display":"","site-post-title":"disabled","ast-breadcrumbs-content":"","ast-featured-img":"disabled","footer-sml-layout":"","ast-disable-related-posts":"","theme-transparent-header-meta":"default","adv-header-id-meta":"","stick-header-meta":"","header-above-stick-meta":"","header-main-stick-meta":"","header-below-stick-meta":"","astra-migrate-meta-layouts":"default","ast-page-background-enabled":"default","ast-page-background-meta":{"desktop":{"background-color":"","background-image":"","background-repeat":"repeat","background-position":"center center","background-size":"auto","background-attachment":"scroll","background-type":"","background-media":"","overlay-type":"","overlay-color":"","overlay-opacity":"","overlay-gradient":""},"tablet":{"background-color":"","background-image":"","background-repeat":"repeat","background-position":"center center","background-size":"auto","background-attachment":"scroll","background-type":"","background-media":"","overlay-type":"","overlay-color":"","overlay-opacity":"","overlay-gradient":""},"mobile":{"background-color":"","background-image":"","background-repeat":"repeat","background-position":"center center","background-size":"auto","background-attachment":"scroll","background-type":"","background-media":"","overlay-type":"","overlay-color":"","overlay-opacity":"","overlay-gradient":""}},"ast-content-background-meta":{"desktop":{"background-color":"var(--ast-global-color-5)","background-image":"","background-repeat":"repeat","background-position":"center center","background-size":"auto","background-attachment":"scroll","background-type":"","background-media":"","overlay-type":"","overlay-color":"","overlay-opacity":"","overlay-gradient":""},"tablet":{"background-color":"var(--ast-global-color-5)","background-image":"","background-repeat":"repeat","background-position":"center center","background-size":"auto","background-attachment":"scroll","background-type":"","background-media":"","overlay-type":"","overlay-color":"","overlay-opacity":"","overlay-gradient":""},"mobile":{"background-color":"var(--ast-global-color-5)","background-image":"","background-repeat":"repeat","background-position":"center center","background-size":"auto","background-attachment":"scroll","background-type":"","background-media":"","overlay-type":"","overlay-color":"","overlay-opacity":"","overlay-gradient":""}},"footnotes":""},"class_list":["post-1243","page","type-page","status-publish","hentry"],"yoast_head":"<!-- This site is optimized with the Yoast SEO plugin v27.4 - https:\/\/yoast.com\/product\/yoast-seo-wordpress\/ -->\n<title>Qui\u00e9nes somos - GALOPE<\/title>\n<meta name=\"robots\" content=\"index, follow, max-snippet:-1, max-image-preview:large, max-video-preview:-1\" \/>\n<link rel=\"canonical\" href=\"https:\/\/corporativogalope.com\/es_es\/quienes-somos\/\" \/>\n<meta property=\"og:locale\" content=\"es_ES\" \/>\n<meta property=\"og:type\" content=\"article\" \/>\n<meta property=\"og:title\" content=\"Qui\u00e9nes somos - GALOPE\" \/>\n<meta property=\"og:description\" content=\"QUI\u00c9NES SOMOS NUESTRO PROP\u00d3SITO Brindarle seguridad jur\u00eddica y patrimonial para su tranquilidad NUESTROS VALORES Servicio, respeto, honestidad, sinceridad, seguridad, legalidad, profesionalismo. MISI\u00d3N Trabajamos para brindarle la seguridad jur\u00eddica y patrimonial que necesita a trav\u00e9s de esquemas transparentes, fundados y motivados en una cultura jur\u00eddica que se renueva constantemente. VISI\u00d3N No proporcionamos esquemas universales, nosotros creamos [&hellip;]\" \/>\n<meta property=\"og:url\" content=\"https:\/\/corporativogalope.com\/es_es\/quienes-somos\/\" \/>\n<meta property=\"og:site_name\" content=\"GALOPE\" \/>\n<meta property=\"article:modified_time\" content=\"2021-11-05T15:30:33+00:00\" \/>\n<meta name=\"twitter:card\" content=\"summary_large_image\" \/>\n<script type=\"application\/ld+json\" class=\"yoast-schema-graph\">{\"@context\":\"https:\\\/\\\/schema.org\",\"@graph\":[{\"@type\":\"WebPage\",\"@id\":\"https:\\\/\\\/corporativogalope.com\\\/es_es\\\/quienes-somos\\\/\",\"url\":\"https:\\\/\\\/corporativogalope.com\\\/es_es\\\/quienes-somos\\\/\",\"name\":\"Qui\u00e9nes somos - GALOPE\",\"isPartOf\":{\"@id\":\"https:\\\/\\\/corporativogalope.com\\\/es_es\\\/#website\"},\"datePublished\":\"2020-11-20T02:15:16+00:00\",\"dateModified\":\"2021-11-05T15:30:33+00:00\",\"breadcrumb\":{\"@id\":\"https:\\\/\\\/corporativogalope.com\\\/es_es\\\/quienes-somos\\\/#breadcrumb\"},\"inLanguage\":\"es\",\"potentialAction\":[{\"@type\":\"ReadAction\",\"target\":[\"https:\\\/\\\/corporativogalope.com\\\/es_es\\\/quienes-somos\\\/\"]}]},{\"@type\":\"BreadcrumbList\",\"@id\":\"https:\\\/\\\/corporativogalope.com\\\/es_es\\\/quienes-somos\\\/#breadcrumb\",\"itemListElement\":[{\"@type\":\"ListItem\",\"position\":1,\"name\":\"Portada\",\"item\":\"https:\\\/\\\/corporativogalope.com\\\/es_es\\\/\"},{\"@type\":\"ListItem\",\"position\":2,\"name\":\"Qui\u00e9nes somos\"}]},{\"@type\":\"WebSite\",\"@id\":\"https:\\\/\\\/corporativogalope.com\\\/es_es\\\/#website\",\"url\":\"https:\\\/\\\/corporativogalope.com\\\/es_es\\\/\",\"name\":\"GALOPE\",\"description\":\"CORPORATIVO GALOPE\",\"publisher\":{\"@id\":\"https:\\\/\\\/corporativogalope.com\\\/es_es\\\/#organization\"},\"potentialAction\":[{\"@type\":\"SearchAction\",\"target\":{\"@type\":\"EntryPoint\",\"urlTemplate\":\"https:\\\/\\\/corporativogalope.com\\\/es_es\\\/?s={search_term_string}\"},\"query-input\":{\"@type\":\"PropertyValueSpecification\",\"valueRequired\":true,\"valueName\":\"search_term_string\"}}],\"inLanguage\":\"es\"},{\"@type\":\"Organization\",\"@id\":\"https:\\\/\\\/corporativogalope.com\\\/es_es\\\/#organization\",\"name\":\"GALOPE\",\"url\":\"https:\\\/\\\/corporativogalope.com\\\/es_es\\\/\",\"logo\":{\"@type\":\"ImageObject\",\"inLanguage\":\"es\",\"@id\":\"https:\\\/\\\/corporativogalope.com\\\/es_es\\\/#\\\/schema\\\/logo\\\/image\\\/\",\"url\":\"https:\\\/\\\/corporativogalope.com\\\/wp-content\\\/uploads\\\/2020\\\/11\\\/logo-con-blanco.png\",\"contentUrl\":\"https:\\\/\\\/corporativogalope.com\\\/wp-content\\\/uploads\\\/2020\\\/11\\\/logo-con-blanco.png\",\"width\":618,\"height\":478,\"caption\":\"GALOPE\"},\"image\":{\"@id\":\"https:\\\/\\\/corporativogalope.com\\\/es_es\\\/#\\\/schema\\\/logo\\\/image\\\/\"}}]}<\/script>\n<!-- \/ Yoast SEO plugin. -->","yoast_head_json":{"title":"Qui\u00e9nes somos - GALOPE","robots":{"index":"index","follow":"follow","max-snippet":"max-snippet:-1","max-image-preview":"max-image-preview:large","max-video-preview":"max-video-preview:-1"},"canonical":"https:\/\/corporativogalope.com\/es_es\/quienes-somos\/","og_locale":"es_ES","og_type":"article","og_title":"Qui\u00e9nes somos - GALOPE","og_description":"QUI\u00c9NES SOMOS NUESTRO PROP\u00d3SITO Brindarle seguridad jur\u00eddica y patrimonial para su tranquilidad NUESTROS VALORES Servicio, respeto, honestidad, sinceridad, seguridad, legalidad, profesionalismo. MISI\u00d3N Trabajamos para brindarle la seguridad jur\u00eddica y patrimonial que necesita a trav\u00e9s de esquemas transparentes, fundados y motivados en una cultura jur\u00eddica que se renueva constantemente. VISI\u00d3N No proporcionamos esquemas universales, nosotros creamos [&hellip;]","og_url":"https:\/\/corporativogalope.com\/es_es\/quienes-somos\/","og_site_name":"GALOPE","article_modified_time":"2021-11-05T15:30:33+00:00","twitter_card":"summary_large_image","schema":{"@context":"https:\/\/schema.org","@graph":[{"@type":"WebPage","@id":"https:\/\/corporativogalope.com\/es_es\/quienes-somos\/","url":"https:\/\/corporativogalope.com\/es_es\/quienes-somos\/","name":"Qui\u00e9nes somos - GALOPE","isPartOf":{"@id":"https:\/\/corporativogalope.com\/es_es\/#website"},"datePublished":"2020-11-20T02:15:16+00:00","dateModified":"2021-11-05T15:30:33+00:00","breadcrumb":{"@id":"https:\/\/corporativogalope.com\/es_es\/quienes-somos\/#breadcrumb"},"inLanguage":"es","potentialAction":[{"@type":"ReadAction","target":["https:\/\/corporativogalope.com\/es_es\/quienes-somos\/"]}]},{"@type":"BreadcrumbList","@id":"https:\/\/corporativogalope.com\/es_es\/quienes-somos\/#breadcrumb","itemListElement":[{"@type":"ListItem","position":1,"name":"Portada","item":"https:\/\/corporativogalope.com\/es_es\/"},{"@type":"ListItem","position":2,"name":"Qui\u00e9nes somos"}]},{"@type":"WebSite","@id":"https:\/\/corporativogalope.com\/es_es\/#website","url":"https:\/\/corporativogalope.com\/es_es\/","name":"GALOPE","description":"CORPORATIVO GALOPE","publisher":{"@id":"https:\/\/corporativogalope.com\/es_es\/#organization"},"potentialAction":[{"@type":"SearchAction","target":{"@type":"EntryPoint","urlTemplate":"https:\/\/corporativogalope.com\/es_es\/?s={search_term_string}"},"query-input":{"@type":"PropertyValueSpecification","valueRequired":true,"valueName":"search_term_string"}}],"inLanguage":"es"},{"@type":"Organization","@id":"https:\/\/corporativogalope.com\/es_es\/#organization","name":"GALOPE","url":"https:\/\/corporativogalope.com\/es_es\/","logo":{"@type":"ImageObject","inLanguage":"es","@id":"https:\/\/corporativogalope.com\/es_es\/#\/schema\/logo\/image\/","url":"https:\/\/corporativogalope.com\/wp-content\/uploads\/2020\/11\/logo-con-blanco.png","contentUrl":"https:\/\/corporativogalope.com\/wp-content\/uploads\/2020\/11\/logo-con-blanco.png","width":618,"height":478,"caption":"GALOPE"},"image":{"@id":"https:\/\/corporativogalope.com\/es_es\/#\/schema\/logo\/image\/"}}]}},"_links":{"self":[{"href":"https:\/\/corporativogalope.com\/es_es\/wp-json\/wp\/v2\/pages\/1243","targetHints":{"allow":["GET"]}}],"collection":[{"href":"https:\/\/corporativogalope.com\/es_es\/wp-json\/wp\/v2\/pages"}],"about":[{"href":"https:\/\/corporativogalope.com\/es_es\/wp-json\/wp\/v2\/types\/page"}],"author":[{"embeddable":true,"href":"https:\/\/corporativogalope.com\/es_es\/wp-json\/wp\/v2\/users\/2"}],"replies":[{"embeddable":true,"href":"https:\/\/corporativogalope.com\/es_es\/wp-json\/wp\/v2\/comments?post=1243"}],"version-history":[{"count":62,"href":"https:\/\/corporativogalope.com\/es_es\/wp-json\/wp\/v2\/pages\/1243\/revisions"}],"predecessor-version":[{"id":1833,"href":"https:\/\/corporativogalope.com\/es_es\/wp-json\/wp\/v2\/pages\/1243\/revisions\/1833"}],"wp:attachment":[{"href":"https:\/\/corporativogalope.com\/es_es\/wp-json\/wp\/v2\/media?parent=1243"}],"curies":[{"name":"wp","href":"https:\/\/api.w.org\/{rel}","templated":true}]}}